{"id":3,"date":"2019-01-31T15:23:39","date_gmt":"2019-01-31T14:23:39","guid":{"rendered":"https:\/\/www.sciencesaucinema.fr\/wordpress\/?page_id=3"},"modified":"2019-02-01T17:34:29","modified_gmt":"2019-02-01T16:34:29","slug":"politique-de-confidentialite","status":"publish","type":"page","link":"https:\/\/www.sciencesaucinema.fr\/wordpress\/politique-de-confidentialite\/","title":{"rendered":"Mentions l\u00e9gales et Politique de confidentialit\u00e9"},"content":{"rendered":"<span class=\"span-reading-time rt-reading-time\" style=\"display: block;\"><span class=\"rt-label rt-prefix\">Temps de lecture estim\u00e9 :<\/span> <span class=\"rt-time\"> 3<\/span> <span class=\"rt-label rt-postfix\">minutes<\/span><\/span>\r\n<h2 class=\"wp-block-heading\">Qui sommes-nous\u00a0?<\/h2>\r\n\r\n\r\n\r\n<p>L\u2019adresse de notre site Web est\u00a0: https:\/\/www.sciencesaucinema.fr\/wordpress.<\/p>\r\n<p>Il est h\u00e9berg\u00e9 par 1&amp;1 IONOS<\/p>\r\n<blockquote>\r\n<p>1&amp;1 Internet SARL<br \/>7, place de la Gare<br \/>BP 70109<br \/>57200 Sarreguemines C <br \/>0970 808 911 (appel non surtax\u00e9) <br \/>info@ionos.fr<\/p>\r\n<\/blockquote>\r\n<h2>Propri\u00e9t\u00e9 Intellectuelle<\/h2>\r\n<p>Les textes de ce blog sont sous licence <a href=\"https:\/\/creativecommons.org\/licenses\/by-nc-sa\/4.0\/deed.fr\" target=\"_blank\" rel=\"noopener\">Creative Commons By NC Sa<\/a>, vous pouvez les r\u00e9utilis\u00e9 en me citant comme auteur, en les partageant sous la m\u00eame licence et dans un cadre non-commerciale. En cas de doute ou pour un projet ne rentrant dans ces limites, merci de me <a href=\"https:\/\/www.sciencesaucinema.fr\/wordpress\/contact\/\" target=\"_blank\" rel=\"noopener\">contacter<\/a>, je vous dirais ce que je vous autorise \u00e0 faire de mes textes.<\/p>\r\n<p>Les licences des images sont sp\u00e9cifi\u00e9es \u00e0 chaque fois. Les images sous copyright sont des images promotionnelles, en cas de soucis merci de <a href=\"https:\/\/www.sciencesaucinema.fr\/wordpress\/contact\/\" target=\"_blank\" rel=\"noopener\">me contacter<\/a>, je les retirerais.<\/p>\r\n\r\n\r\n\r\n<h2 class=\"wp-block-heading\">Utilisation des donn\u00e9es personnelles collect\u00e9es<\/h2>\r\n\r\n\r\n\r\n<h3 class=\"wp-block-heading\">Commentaires<\/h3>\r\n\r\n\r\n\r\n<p>Quand vous laissez un commentaire sur notre site web, les donn\u00e9es inscrites dans le formulaire de commentaire, mais aussi votre adresse IP et l\u2019agent utilisateur de votre navigateur sont collect\u00e9s pour nous aider \u00e0 la d\u00e9tection des commentaires ind\u00e9sirables.<\/p>\r\n\r\n\r\n\r\n<p>Une cha\u00eene anonymis\u00e9e cr\u00e9\u00e9e \u00e0 partir de votre adresse de messagerie (\u00e9galement appel\u00e9e hash) peut \u00eatre envoy\u00e9e au service Gravatar pour v\u00e9rifier si vous utilisez ce dernier. Les clauses de confidentialit\u00e9 du service Gravatar sont disponibles ici\u00a0: https:\/\/automattic.com\/privacy\/. Apr\u00e8s validation de votre commentaire, votre photo de profil sera visible publiquement \u00e0 cot\u00e9 de votre commentaire.<\/p>\r\n\r\n\r\n\r\n<h3 class=\"wp-block-heading\">M\u00e9dias<\/h3>\r\n\r\n\r\n\r\n<p>Si vous \u00eates un utilisateur ou une utilisatrice enregistr\u00e9\u00b7e et que vous t\u00e9l\u00e9versez des images sur le site web, nous vous conseillons d\u2019\u00e9viter de t\u00e9l\u00e9verser des images contenant des donn\u00e9es EXIF de coordonn\u00e9es GPS. Les visiteurs de votre site web peuvent t\u00e9l\u00e9charger et extraire des donn\u00e9es de localisation depuis ces images.<\/p>\r\n\r\n\r\n\r\n<h3 class=\"wp-block-heading\">Formulaires de contact<\/h3>\r\n<p>Quand vous utilisez un formulaire de contact, seules les donn\u00e9es inscrites dans le formulaire sont collect\u00e9s : nom, pr\u00e9nom et adresse email. Ces donn\u00e9es sont n\u00e9cessaires afin de r\u00e9pondre \u00e0 la sollicitation des internautes.<\/p>\r\n<p>La finalit\u00e9 de traitement de ces donn\u00e9es personnelles est de permettre de r\u00e9pondre aux sollicitations des internautes. En aucun cas, elles ne sont utilis\u00e9es \u00e0 des fins commerciales.<\/p>\r\n\r\n\r\n\r\n<h3 class=\"wp-block-heading\">Cookies<\/h3>\r\n\r\n\r\n\r\n<p>Si vous d\u00e9posez un commentaire sur notre site, il vous sera propos\u00e9 d\u2019enregistrer votre nom, adresse de messagerie et site web dans des cookies. C\u2019est uniquement pour votre confort afin de ne pas avoir \u00e0 saisir ces informations si vous d\u00e9posez un autre commentaire plus tard. Ces cookies expirent au bout d\u2019un an.<\/p>\r\n\r\n\r\n\r\n\r\n\r\n<h3 class=\"wp-block-heading\">Contenu embarqu\u00e9 depuis d\u2019autres sites<\/h3>\r\n\r\n\r\n\r\n<p>Les articles de ce site peuvent inclure des contenus int\u00e9gr\u00e9s (par exemple des vid\u00e9os, images, articles\u2026). Le contenu int\u00e9gr\u00e9 depuis d\u2019autres sites se comporte de la m\u00eame mani\u00e8re que si le visiteur se rendait sur cet autre site.<\/p>\r\n\r\n\r\n\r\n<p>Ces sites web pourraient collecter des donn\u00e9es sur vous, utiliser des cookies, embarquer des outils de suivis tiers, suivre vos interactions avec ces contenus embarqu\u00e9s si vous disposez d\u2019un compte connect\u00e9 sur leur site web.<\/p>\r\n\r\n\r\n\r\n\r\n\r\n<h2 class=\"wp-block-heading\">Utilisation et transmission de vos donn\u00e9es personnelles<\/h2>\r\n\r\n\r\n\r\n<h2 class=\"wp-block-heading\">Dur\u00e9es de stockage de vos donn\u00e9es<\/h2>\r\n\r\n\r\n\r\n<p>Si vous laissez un commentaire, le commentaire et ses m\u00e9tadonn\u00e9es sont conserv\u00e9s ind\u00e9finiment. Cela permet de reconna\u00eetre et approuver automatiquement les commentaires suivants au lieu de les laisser dans la file de mod\u00e9ration.<\/p>\r\n<p>Les donn\u00e9es re\u00e7ues via vos formulaires de contact sont conserv\u00e9es pendant six mois maximum \u00e0 compter du dernier contact avec l\u2019internaute.<\/p>\r\n\r\n\r\n\r\n\r\n\r\n<h2 class=\"wp-block-heading\">Les droits que vous avez sur vos donn\u00e9es<\/h2>\r\n\r\n\r\n\r\n<p>Si vous avez laiss\u00e9 des commentaires sur le site, vous pouvez demander \u00e0 recevoir un fichier contenant toutes les donn\u00e9es personnelles que nous poss\u00e9dons \u00e0 votre sujet, incluant celles que vous nous avez fournies. Vous pouvez \u00e9galement demander la suppression des donn\u00e9es personnelles vous concernant. Cela ne prend pas en compte les donn\u00e9es stock\u00e9es \u00e0 des fins administratives, l\u00e9gales ou pour des raisons de s\u00e9curit\u00e9.<\/p>\r\n\r\n\r\n\r\n<h2 class=\"wp-block-heading\">Transmission de vos donn\u00e9es personnelles<\/h2>\r\n\r\n\r\n\r\n<p>Les commentaires des visiteurs peuvent \u00eatre v\u00e9rifi\u00e9s \u00e0 l\u2019aide d\u2019un service automatis\u00e9 de d\u00e9tection des commentaires ind\u00e9sirables.<\/p>\r\n\r\n\r\n\r\n<h2 class=\"wp-block-heading\">Informations de contact<\/h2>\r\n<p>Pour toute demande en lien avec vos donn\u00e9es, merci de vous adresser par email \u00e0 l\u2019adresse suivante\u00a0:\u00a0contact@sciencesaucinema.fr<\/p>\r\n\r\n\r\n","protected":false},"excerpt":{"rendered":"<p><span class=\"span-reading-time rt-reading-time\" style=\"display: block;\"><span class=\"rt-label rt-prefix\">Temps de lecture estim\u00e9 :<\/span> <span class=\"rt-time\"> 3<\/span> <span class=\"rt-label rt-postfix\">minutes<\/span><\/span>Qui sommes-nous\u00a0? L\u2019adresse de notre site Web est\u00a0: https:\/\/www.sciencesaucinema.fr\/wordpress. Il est h\u00e9berg\u00e9 par 1&amp;1 IONOS 1&amp;1 Internet SARL7, place de la GareBP 7010957200 Sarreguemines C 0970 808 911 (appel non surtax\u00e9) info@ionos.fr Propri\u00e9t\u00e9 Intellectuelle Les textes de ce blog sont sous licence Creative Commons By NC Sa, vous pouvez les r\u00e9utilis\u00e9 en me citant comme [&hellip;]<\/p>\n","protected":false},"author":3,"featured_media":0,"parent":0,"menu_order":0,"comment_status":"closed","ping_status":"open","template":"","meta":{"footnotes":""},"class_list":["post-3","page","type-page","status-publish","hentry"],"aioseo_notices":[],"amp_enabled":true,"_links":{"self":[{"href":"https:\/\/www.sciencesaucinema.fr\/wordpress\/wp-json\/wp\/v2\/pages\/3","targetHints":{"allow":["GET"]}}],"collection":[{"href":"https:\/\/www.sciencesaucinema.fr\/wordpress\/wp-json\/wp\/v2\/pages"}],"about":[{"href":"https:\/\/www.sciencesaucinema.fr\/wordpress\/wp-json\/wp\/v2\/types\/page"}],"author":[{"embeddable":true,"href":"https:\/\/www.sciencesaucinema.fr\/wordpress\/wp-json\/wp\/v2\/users\/3"}],"replies":[{"embeddable":true,"href":"https:\/\/www.sciencesaucinema.fr\/wordpress\/wp-json\/wp\/v2\/comments?post=3"}],"version-history":[{"count":4,"href":"https:\/\/www.sciencesaucinema.fr\/wordpress\/wp-json\/wp\/v2\/pages\/3\/revisions"}],"predecessor-version":[{"id":2332,"href":"https:\/\/www.sciencesaucinema.fr\/wordpress\/wp-json\/wp\/v2\/pages\/3\/revisions\/2332"}],"wp:attachment":[{"href":"https:\/\/www.sciencesaucinema.fr\/wordpress\/wp-json\/wp\/v2\/media?parent=3"}],"curies":[{"name":"wp","href":"https:\/\/api.w.org\/{rel}","templated":true}]}}